{"id":6959,"date":"2024-09-24T10:42:01","date_gmt":"2024-09-24T10:42:01","guid":{"rendered":"https:\/\/applymalaysia.com\/contact-us\/"},"modified":"2024-11-27T11:41:26","modified_gmt":"2024-11-27T11:41:26","slug":"contact-us","status":"publish","type":"page","link":"https:\/\/applymalaysia.com\/pt-pt\/contact-us\/","title":{"rendered":"Contate nos"},"content":{"rendered":"<p>Estamos entusiasmados em ajudar estudantes de todo o mundo a realizar seus sonhos de estudar na Mal\u00e1sia. Todos os nossos servi\u00e7os s\u00e3o totalmente online, para que voc\u00ea possa se conectar conosco a qualquer momento, em qualquer lugar, preenchendo nossos formul\u00e1rios de contato de f\u00e1cil utiliza\u00e7\u00e3o. Uma vez submetido, nossa equipe entrar\u00e1 em contato para gui\u00e1-lo atrav\u00e9s do processo.<\/p>\n<p>Sabemos que se candidatar para estudar no exterior pode ser esmagador. \u00c9 por isso que tornamos cada etapa acess\u00edvel online. Desde perguntas gerais at\u00e9 suporte para aplica\u00e7\u00e3o, voc\u00ea pode obter toda a ajuda necess\u00e1ria simplesmente preenchendo nossos formul\u00e1rios online. Isso n\u00e3o s\u00f3 economiza tempo, mas tamb\u00e9m garante uma resposta r\u00e1pida e suave.<\/p>\n<p><strong>Entre em Contato<\/strong><\/p>\n<ul>\n<li><strong>Email:<\/strong> <a href=\"mailto:hello@applymalaysia.com\">hello@applymalaysia.com<\/a><\/li>\n<li><strong>WhatsApp:<\/strong> <a href=\"https:\/\/wa.me\/60124206066\" target=\"_blank\" rel=\"noopener\">+60124206066<\/a><\/li>\n<li><strong>Endere\u00e7o:<\/strong> Sri Hartamas, 50480, Kuala Lumpur, Mal\u00e1sia<\/li>\n<li><strong>Hor\u00e1rio de Trabalho:<\/strong> Segunda a Sexta, das 9:00 \u00e0s 17:00 (GMT +8)<\/li>\n<\/ul>\n<p>Preencha nossos formul\u00e1rios online, e deixe-nos ajud\u00e1-lo a dar o primeiro passo em dire\u00e7\u00e3o ao seu futuro na Mal\u00e1sia!<\/p>\n","protected":false},"excerpt":{"rendered":"<p>Estamos entusiasmados em ajudar estudantes de todo o mundo a realizar seus sonhos de estudar na Mal\u00e1sia. Todos os nossos servi\u00e7os s\u00e3o totalmente online, para que voc\u00ea possa se conectar&hellip;<\/p>\n","protected":false},"author":1,"featured_media":7741,"parent":0,"menu_order":0,"comment_status":"closed","ping_status":"closed","template":"","meta":{"_lmt_disableupdate":"no","_lmt_disable":"","footnotes":""},"class_list":["post-6959","page","type-page","status-publish","has-post-thumbnail","hentry"],"_links":{"self":[{"href":"https:\/\/applymalaysia.com\/pt-pt\/wp-json\/wp\/v2\/pages\/6959","targetHints":{"allow":["GET"]}}],"collection":[{"href":"https:\/\/applymalaysia.com\/pt-pt\/wp-json\/wp\/v2\/pages"}],"about":[{"href":"https:\/\/applymalaysia.com\/pt-pt\/wp-json\/wp\/v2\/types\/page"}],"author":[{"embeddable":true,"href":"https:\/\/applymalaysia.com\/pt-pt\/wp-json\/wp\/v2\/users\/1"}],"replies":[{"embeddable":true,"href":"https:\/\/applymalaysia.com\/pt-pt\/wp-json\/wp\/v2\/comments?post=6959"}],"version-history":[{"count":4,"href":"https:\/\/applymalaysia.com\/pt-pt\/wp-json\/wp\/v2\/pages\/6959\/revisions"}],"predecessor-version":[{"id":8611,"href":"https:\/\/applymalaysia.com\/pt-pt\/wp-json\/wp\/v2\/pages\/6959\/revisions\/8611"}],"wp:featuredmedia":[{"embeddable":true,"href":"https:\/\/applymalaysia.com\/pt-pt\/wp-json\/wp\/v2\/media\/7741"}],"wp:attachment":[{"href":"https:\/\/applymalaysia.com\/pt-pt\/wp-json\/wp\/v2\/media?parent=6959"}],"curies":[{"name":"wp","href":"https:\/\/api.w.org\/{rel}","templated":true}]}}